{"id":10,"date":"2022-01-08T09:56:18","date_gmt":"2022-01-08T09:56:18","guid":{"rendered":"https:\/\/hubertschmalix.com\/?page_id=10"},"modified":"2025-09-18T16:28:16","modified_gmt":"2025-09-18T16:28:16","slug":"schmalix","status":"publish","type":"page","link":"https:\/\/hubertschmalix.com\/en\/","title":{"rendered":"Schmalix"},"content":{"rendered":"<p>[et_pb_section fb_built=&#8220;1&#8243; fullwidth=&#8220;on&#8220; _builder_version=&#8220;4.16&#8243; _module_preset=&#8220;default&#8220; global_colors_info=&#8220;{}&#8220;][et_pb_fullwidth_header title=&#8220;Hubert Schmalix&#8220; text_orientation=&#8220;center&#8220; header_fullscreen=&#8220;on&#8220; header_scroll_down=&#8220;on&#8220; title_tablet=&#8220;Hubert Schmalix&#8220; title_phone=&#8220;&#8220; title_last_edited=&#8220;on|tablet&#8220; content_tablet=&#8220;&#8220; content_phone=&#8220;<\/p>\n<h1>Hubert<\/h1>\n<\/p>\n<h1>Schmalix<\/h1>\n<p>&#8220; content_last_edited=&#8220;on|phone&#8220; _builder_version=&#8220;4.16&#8243; _module_preset=&#8220;default&#8220; title_font=&#8220;Montserrat||||||||&#8220; title_text_align=&#8220;center&#8220; title_font_size=&#8220;36px&#8220; title_letter_spacing=&#8220;14px&#8220; title_line_height=&#8220;1.6em&#8220; content_font=&#8220;Montserrat||||||||&#8220; content_text_align=&#8220;center&#8220; background_enable_color=&#8220;off&#8220; background_image=&#8220;https:\/\/hubertschmalix.com\/wp-content\/uploads\/2022\/02\/2021_LA_100X230_1570-_-scaled-1-scaled.webp&#8220; parallax=&#8220;on&#8220; title_font_size_tablet=&#8220;36px&#8220; title_font_size_phone=&#8220;32px&#8220; title_font_size_last_edited=&#8220;on|phone&#8220; title_letter_spacing_tablet=&#8220;14px&#8220; title_letter_spacing_phone=&#8220;11px&#8220; title_letter_spacing_last_edited=&#8220;on|phone&#8220; title_line_height_tablet=&#8220;2em&#8220; title_line_height_phone=&#8220;1.4em&#8220; title_line_height_last_edited=&#8220;on|phone&#8220; background_last_edited=&#8220;on|phone&#8220; background_image_phone=&#8220;https:\/\/hubertschmalix.com\/wp-content\/uploads\/2022\/03\/WhatsApp-Image-2022-03-29-at-21.04.02.webp&#8220; background_enable_image_phone=&#8220;on&#8220; global_colors_info=&#8220;{}&#8220;][\/et_pb_fullwidth_header][et_pb_fullwidth_code raw_content_tablet=&#8220;&#8220; raw_content_phone=&#8220;<\/p>\n<style>\n.header-content {\n    width: 100% !important;\n    margin-left:  0px !important;\n    margin-right: 0px !important;\n}\n<\/style>\n<p>&#8220; raw_content_last_edited=&#8220;on|tablet&#8220; _builder_version=&#8220;4.16&#8243; _module_preset=&#8220;default&#8220; global_colors_info=&#8220;{}&#8220;][\/et_pb_fullwidth_code][\/et_pb_section][et_pb_section fb_built=&#8220;1&#8243; admin_label=&#8220;Biographie&#8220; module_id=&#8220;biography&#8220; _builder_version=&#8220;4.16&#8243; _module_preset=&#8220;default&#8220; custom_padding=&#8220;45px||0px||false|false&#8220; global_colors_info=&#8220;{}&#8220;][et_pb_row disabled_on=&#8220;on|off|off&#8220; admin_label=&#8220;Desktop&#8220; _builder_version=&#8220;4.16&#8243; _module_preset=&#8220;default&#8220; custom_margin=&#8220;||||false|false&#8220; custom_padding=&#8220;||||false|false&#8220; global_colors_info=&#8220;{}&#8220;][et_pb_column type=&#8220;4_4&#8243; _builder_version=&#8220;4.16&#8243; _module_preset=&#8220;default&#8220; global_colors_info=&#8220;{}&#8220;][et_pb_text _builder_version=&#8220;4.16&#8243; _module_preset=&#8220;default&#8220; header_2_letter_spacing=&#8220;6px&#8220; global_colors_info=&#8220;{}&#8220;]<\/p>\n<h2>Hubert Schmalix<\/h2>\n<p>[\/et_pb_text][et_pb_text _builder_version=&#8220;4.17.4&#8243; _module_preset=&#8220;default&#8220; text_font=&#8220;Montserat||||||||&#8220; text_letter_spacing=&#8220;1px&#8220; text_orientation=&#8220;justified&#8220; global_colors_info=&#8220;{}&#8220;]<\/p>\n<p><span class=\"container\"><span class=\"floated_left\"><a href=\"https:\/\/hubertschmalix.com\/wp-content\/uploads\/2022\/03\/Portrait-Hubert-Schmalix-scaled.webp\" class=\"et_pb_lightbox_image\"><img loading=\"lazy\" decoding=\"async\" src=\"https:\/\/hubertschmalix.com\/wp-content\/uploads\/2022\/03\/Portrait-Hubert-Schmalix-300x169.webp\" width=\"300\" height=\"169\" alt=\"Portrait Hubert Schmalix\" class=\"wp-image-262 alignnone size-medium image_floated_left_first\" \/><\/a><\/span><\/span> In den konfrontativen 1980er-Jahren als junge K\u00fcnstler*innen die Malerei weltweit zu forcieren begannen, war Hubert Schmalix in vorderster Linie. Gleichzeitig poetisch, erz\u00e4hlerisch, eruptiv und subjektiv legten \u201eJunge Wilde\u201c die Malerei als \u201eNeue Malerei\u201c, \u201eTransavanguardia\u201c oder \u201eBad Painting\u201c an. <span class=\"container\"><span class=\"floated_right\"><a href=\"https:\/\/hubertschmalix.com\/wp-content\/uploads\/2022\/02\/1.-_14-Cigarettes_-1976-oil_canvas-130x150cm-Neue-Galerie-Graz-Uiversalmuseum-Joanneum-scaled.webp\" class=\"et_pb_lightbox_image\"><img loading=\"lazy\" decoding=\"async\" src=\"https:\/\/hubertschmalix.com\/wp-content\/uploads\/2022\/02\/1.-_14-Cigarettes_-1976-oil_canvas-130x150cm-Neue-Galerie-Graz-Uiversalmuseum-Joanneum-300x260.webp\" width=\"300\" height=\"260\" alt=\"Kunstwerk von Hubert Schmalix, Cigarettes\" class=\"wp-image-232 size-medium image_floated_right\" \/><\/a><\/span><\/span> Es hatte subversiven Charakter, sich in dem Moment dem wohl traditionellsten Medium der Kunst zu widmen. Massenmedien, Kino, Pop-Musik, Mode und die Kunstgeschichte waren das Reservoir, aus dem der jugendliche Furor sch\u00f6pfte. Im historischen Moment war es damit m\u00f6glich, die Malerei mit ihrer eigenen Historie und mit der digitalen Bildexplosion \u2013 einer Art Zukunft \u2013 zu verlinken. Die Zukunft aus der Vergangenheit in der Gegenwart erleben \u2013 ein Paradoxon, das man als konzeptuell bezeichnen k\u00f6nnte. Gegenst\u00e4ndliches war mit Abstraktem gleichwertig. Die Akte von Schmalix sind oft in monochromen Fl\u00e4chen (Farbr\u00e4umen) platziert. <span class=\"container\"><span class=\"floated_left\"><a href=\"https:\/\/hubertschmalix.com\/wp-content\/uploads\/2022\/02\/2.-_E_-1991-oil_canvas-137x122cm-diethArt-Collection.webp\" class=\"et_pb_lightbox_image\"><img loading=\"lazy\" decoding=\"async\" src=\"https:\/\/hubertschmalix.com\/wp-content\/uploads\/2022\/02\/2.-_E_-1991-oil_canvas-137x122cm-diethArt-Collection-257x300.webp\" width=\"257\" height=\"300\" alt=\"Kunstwerk von Hubert Schmalix, E 1991\" class=\"wp-image-233 size-medium image_floated_left\" \/><\/a><\/span><\/span>Abstraktes wird dabei narrativ. Stereotypen entstehen \u2013 Akte, Christus, ein Haus, eine Landschaft. Wir glauben all das aus anderen Bildquellen zu kennen.<\/p>\n<p>Bis heute erleben wir in den Bildern von Schmalix eine ungemeine Entspanntheit und Coolness. Diese gibt auch Anlass zur Verunsicherung. Die Dargestellten scheinen sich oft zu fragen, ob sie am \u201erichtigen\u201c Ort sind, ob die Umgebung \u00fcberhaupt zu ihnen passt \u2013 als k\u00f6nnten Bildelemente selbstreferenziell agieren. Lyotard: \u201eEs sollte endlich Klarheit dar\u00fcber bestehen, dass es uns nicht zukommt, Wirklichkeit zu liefern, sondern Anspielungen auf Denkbares zu erfinden, das nicht dargestellt werden kann.\u201c Die Bildelemente bei Schmalix sind klar. Den Baum kann man als solchen erkennen, auch die nackte Frau, die verloren neben einer Leiter steht. Der Eindruck t\u00e4uscht, die Story dahinter ist sp\u00fcrbar, verunsichert und l\u00e4sst nachdenken \u2013 was hat es mit der gefesselten Frau neben der Stehleiter auf sich? <span class=\"container\"><span class=\"floated_right\"><a href=\"https:\/\/hubertschmalix.com\/wp-content\/uploads\/2022\/02\/3.-_Ladder_-2005-oil_canvas-Neue-Galerie-Graz-Uiversalmuseum-Joanneum.webp\" class=\"et_pb_lightbox_image\"><img loading=\"lazy\" decoding=\"async\" src=\"https:\/\/hubertschmalix.com\/wp-content\/uploads\/2022\/02\/3.-_Ladder_-2005-oil_canvas-Neue-Galerie-Graz-Uiversalmuseum-Joanneum-241x300.webp\" width=\"120\" height=\"150\" alt=\"Artwork by Hubert Schmalix - Ladder (2005) - Oil on canvas\" class=\"wp-image-234 alignnone size-thumbnail image_floated_right\" \/><\/a><\/span><\/span>Die sexuellen Anspielungen bleiben neutral, leidenschaftslos, selbstverst\u00e4ndlich und ohne das Bewusstsein der S\u00fcnde. Es sind Bilder.<\/p>\n<p>Hockney schuf seinerseits ein sexuelles Paradies als Ausdruck sinnlicher Lust, von dem er geglaubt hat, es in Kalifornien gefunden zu haben. Schmalix ist abgekl\u00e4rter als Hockney. Es gibt kein Arkadien, auch wenn die Landschaften in den herrlichsten Farben leuchten \u2013 blaue B\u00e4ume, lila Himmel, orange Fl\u00fcsse, etc.<\/p>\n<p><span class=\"container\"><span class=\"floated_left\"><a href=\"https:\/\/hubertschmalix.com\/wp-content\/uploads\/2022\/02\/4.-_When-Love-Becomes-Complicated_-2019-oil_canvas-175x130cmPrivate-Collection.webp\" class=\"et_pb_lightbox_image\"><img loading=\"lazy\" decoding=\"async\" src=\"https:\/\/hubertschmalix.com\/wp-content\/uploads\/2022\/02\/4.-_When-Love-Becomes-Complicated_-2019-oil_canvas-175x130cmPrivate-Collection-222x300.webp\" width=\"222\" height=\"300\" alt=\"Artwork by Hubert Schmalix - When Love Becomes Complicated (2019) -  Oil on canvas - 175x130\" class=\"wp-image-235 size-medium image_floated_left\" \/><\/a><\/span><\/span><\/p>\n<p>Walt Disney hat Millionen Kindern ein Paradies geschenkt. Schmalix nimmt die Atmosph\u00e4re der Comics zwar auf, genauso wie er \u201eArt Deco\u201c und \u201eJugendstil\u201c in seinen Gem\u00e4lden wirken l\u00e4sst.<span class=\"container\"><span class=\"floated_right\"><a href=\"https:\/\/hubertschmalix.com\/wp-content\/uploads\/2022\/02\/5.-_Leben-und-Sterben-Kaiserstrasse-IV_-1983-oil_canvas-150x140-Private-Collection.webp\" class=\"et_pb_lightbox_image\"><img loading=\"lazy\" decoding=\"async\" src=\"https:\/\/hubertschmalix.com\/wp-content\/uploads\/2022\/02\/5.-_Leben-und-Sterben-Kaiserstrasse-IV_-1983-oil_canvas-150x140-Private-Collection-273x300.webp\" width=\"273\" height=\"300\" alt=\"Artwork by Hubert Schmalix - Leben und Sterben-Kaiserstrasse IV (1983) - Oil on canvas - 150x140\" class=\"wp-image-236 size-thumbnail image_floated_right\" \/><\/a><\/span><\/span><\/p>\n<p>Die Stimmung im Bild kann aber auch kippen. Es liegt im visuellen Bewusstsein des Publikums. Wie man heute wei\u00df, kann ein Fluss auch durch Kontamination attraktive Farben bekommen. Es ist kein Arkadien, in dem man hier wandeln m\u00f6chte \u2013 nur eine Vorstellung, eine Bildvorstellung, Sehnsucht.<\/p>\n<p>Der mediterrane Europ\u00e4er Hubert Schmalix trifft in Kalifornien auf ein ideales Substrat \u2013 pulsierend im glei\u00dfenden Sonnenlicht am Pazifik gelegen. Dasselbe k\u00f6nnte man auch \u00fcber seine in Los Angeles entstandenen Bilder sagen.<\/p>\n<p><span class=\"container\"><span class=\"floated_left\"><a href=\"https:\/\/hubertschmalix.com\/wp-content\/uploads\/2022\/02\/6.-_Cypress-Park-IV_-1991-oil_canvas-175x130cm-Private-Collection.webp\" class=\"et_pb_lightbox_image\"><img loading=\"lazy\" decoding=\"async\" src=\"https:\/\/hubertschmalix.com\/wp-content\/uploads\/2022\/02\/6.-_Cypress-Park-IV_-1991-oil_canvas-175x130cm-Private-Collection-232x300.webp\" width=\"155\" height=\"200\" alt=\"Artwork by Hubert Schmalix - Cypress Park IV (1991) - Oil on canvas - 175x130\" class=\"wp-image-231 size-medium image_floated_left\" \/><\/a><\/span><\/span><\/p>\n<p>Eine relaxte Leere begegnet uns in ihnen, genauso wie enigmatische Inhalte, die sich fast unscheinbar anschleichen. Zugeh\u00f6rigkeit und Isolation, F\u00fclle und Leere verschr\u00e4nken einander und blicken uns manchmal aus den Augen der Akte an. Die Fl\u00e4chigkeit erinnert an den Siebdruck. Dieser erscheint uns aufgrund seines Pop-Appeals glamour\u00f6s, genauso wie er durch seine einfache, klare Fl\u00e4chigkeit der Funktionalit\u00e4t bspw. der Schildermalerei nahe steht.<\/p>\n<p>Hubert Schmalix ist ein Maler, der im Bewusstsein agiert, dass es schon lange vor seiner Zeit Malerei gegeben hat. Das bedeutet f\u00fcr ihn aber keinesfalls, aufgrund konzeptueller \u00dcberlegungen aus der Malerei aussteigen zu m\u00fcssen, ganz im Gegenteil.<\/p>\n<p>[\/et_pb_text][et_pb_code admin_label=&#8220;Image Styles&#8220; _builder_version=&#8220;4.16&#8243; _module_preset=&#8220;default&#8220; global_colors_info=&#8220;{}&#8220;]<\/p>\n<style>.container{<!-- [et_pb_line_break_holder] --><!-- [et_pb_line_break_holder] -->}<!-- [et_pb_line_break_holder] -->.floated_left{<!-- [et_pb_line_break_holder] -->    float: left;<!-- [et_pb_line_break_holder] -->}<!-- [et_pb_line_break_holder] -->.image_floated_left_first{<!-- [et_pb_line_break_holder] -->  margin-right: 25px;<!-- [et_pb_line_break_holder] -->}  <!-- [et_pb_line_break_holder] -->.image_floated_left{<!-- [et_pb_line_break_holder] -->  margin-top: 25px;<!-- [et_pb_line_break_holder] -->  margin-right: 25px;<!-- [et_pb_line_break_holder] -->}<!-- [et_pb_line_break_holder] -->.floated_right{<!-- [et_pb_line_break_holder] -->    float: right;<!-- [et_pb_line_break_holder] -->}<!-- [et_pb_line_break_holder] -->.image_floated_right{<!-- [et_pb_line_break_holder] -->  margin-top: 25px;<!-- [et_pb_line_break_holder] -->  margin-left: 25px;<!-- [et_pb_line_break_holder] -->}<!-- [et_pb_line_break_holder] -->  <\/style>\n<p>[\/et_pb_code][\/et_pb_column][\/et_pb_row][et_pb_row disabled_on=&#8220;off|on|on&#8220; admin_label=&#8220;Mobile&#8220; _builder_version=&#8220;4.16&#8243; _module_preset=&#8220;default&#8220; global_colors_info=&#8220;{}&#8220;][et_pb_column type=&#8220;4_4&#8243; _builder_version=&#8220;4.16&#8243; _module_preset=&#8220;default&#8220; global_colors_info=&#8220;{}&#8220;][et_pb_text _builder_version=&#8220;4.16&#8243; _module_preset=&#8220;default&#8220; header_2_letter_spacing=&#8220;6px&#8220; global_colors_info=&#8220;{}&#8220;]<\/p>\n<h2>Hubert Schmalix<\/h2>\n<p>[\/et_pb_text][et_pb_image src=&#8220;https:\/\/hubertschmalix.com\/wp-content\/uploads\/2022\/03\/Portrait-Hubert-Schmalix-scaled.webp&#8220; alt=&#8220;Portrait Hubert Schmalix&#8220; title_text=&#8220;Portrait Hubert Schmalix&#8220; show_in_lightbox=&#8220;on&#8220; _builder_version=&#8220;4.16&#8243; _module_preset=&#8220;default&#8220; global_colors_info=&#8220;{}&#8220;][\/et_pb_image][et_pb_text _builder_version=&#8220;4.16&#8243; _module_preset=&#8220;default&#8220; global_colors_info=&#8220;{}&#8220;]<\/p>\n<p style=\"text-align: justify;\">In den konfrontativen 1980er-Jahren als junge K\u00fcnstler*innen die Malerei weltweit zu forcieren begannen, war Hubert Schmalix in vorderster Linie. Gleichzeitig poetisch, erz\u00e4hlerisch, eruptiv und subjektiv legten \u201eJunge Wilde\u201c die Malerei als \u201eNeue Malerei\u201c, \u201eTransavanguardia\u201c oder \u201eBad Painting\u201c an.<\/p>\n<p>[\/et_pb_text][et_pb_image src=&#8220;https:\/\/hubertschmalix.com\/wp-content\/uploads\/2022\/02\/1.-_14-Cigarettes_-1976-oil_canvas-130x150cm-Neue-Galerie-Graz-Uiversalmuseum-Joanneum-scaled.webp&#8220; alt=&#8220;Kunstwerk von Hubert Schmalix, Cigarettes&#8220; title_text=&#8220;Cigarettes (1976)&#8220; show_in_lightbox=&#8220;on&#8220; align=&#8220;center&#8220; _builder_version=&#8220;4.16&#8243; _module_preset=&#8220;default&#8220; global_colors_info=&#8220;{}&#8220;][\/et_pb_image][et_pb_text _builder_version=&#8220;4.17.4&#8243; _module_preset=&#8220;default&#8220; text_orientation=&#8220;justified&#8220; global_colors_info=&#8220;{}&#8220;]<\/p>\n<p>Es hatte subversiven Charakter, sich in dem Moment dem wohl traditionellsten Medium der Kunst zu widmen. Massenmedien, Kino, Pop-Musik, Mode und die Kunstgeschichte waren das Reservoir, aus dem der jugendliche Furor sch\u00f6pfte. Im historischen Moment war es damit m\u00f6glich, die Malerei mit ihrer eigenen Historie und mit der digitalen Bildexplosion \u2013 einer Art Zukunft \u2013 zu verlinken. Die Zukunft aus der Vergangenheit in der Gegenwart erleben \u2013 ein Paradoxon, das man als konzeptuell bezeichnen k\u00f6nnte. Gegenst\u00e4ndliches war mit Abstraktem gleichwertig. Die Akte von Schmalix sind oft in monochromen Fl\u00e4chen (Farbr\u00e4umen) platziert.\u00a0<\/p>\n<p>[\/et_pb_text][et_pb_image src=&#8220;https:\/\/hubertschmalix.com\/wp-content\/uploads\/2022\/02\/2.-_E_-1991-oil_canvas-137x122cm-diethArt-Collection.webp&#8220; alt=&#8220;Kunstwerk von Hubert Schmalix, E 1991&#8243; title_text=&#8220;E (1991)&#8220; show_in_lightbox=&#8220;on&#8220; align=&#8220;center&#8220; _builder_version=&#8220;4.16&#8243; _module_preset=&#8220;default&#8220; global_colors_info=&#8220;{}&#8220;][\/et_pb_image][et_pb_text _builder_version=&#8220;4.16&#8243; _module_preset=&#8220;default&#8220; text_orientation=&#8220;justified&#8220; global_colors_info=&#8220;{}&#8220;]<\/p>\n<p>Abstraktes wird dabei narrativ. Stereotypen entstehen \u2013 Akte, Christus, ein Haus, eine Landschaft. Wir glauben all das aus anderen Bildquellen zu kennen.<\/p>\n<p>Bis heute erleben wir in den Bildern von Schmalix eine ungemeine Entspanntheit und Coolness. Diese gibt auch Anlass zur Verunsicherung. Die Dargestellten scheinen sich oft zu fragen, ob sie am \u201erichtigen\u201c Ort sind, ob die Umgebung \u00fcberhaupt zu ihnen passt \u2013 als k\u00f6nnten Bildelemente selbstreferenziell agieren. Lyotard: \u201eEs sollte endlich Klarheit dar\u00fcber bestehen, dass es uns nicht zukommt, Wirklichkeit zu liefern, sondern Anspielungen auf Denkbares zu erfinden, das nicht dargestellt werden kann.\u201c Die Bildelemente bei Schmalix sind klar. Den Baum kann man als solchen erkennen, auch die nackte Frau, die verloren neben einer Leiter steht. Der Eindruck t\u00e4uscht, die Story dahinter ist sp\u00fcrbar, verunsichert und l\u00e4sst nachdenken \u2013 was hat es mit der gefesselten Frau neben der Stehleiter auf sich?<\/p>\n<p>[\/et_pb_text][et_pb_image src=&#8220;https:\/\/hubertschmalix.com\/wp-content\/uploads\/2022\/02\/3.-_Ladder_-2005-oil_canvas-Neue-Galerie-Graz-Uiversalmuseum-Joanneum.webp&#8220; alt=&#8220;Artwork by Hubert Schmalix &#8211; Ladder (2005) &#8211; Oil on canvas&#8220; title_text=&#8220;Ladder (2005)&#8220; show_in_lightbox=&#8220;on&#8220; align=&#8220;center&#8220; _builder_version=&#8220;4.16&#8243; _module_preset=&#8220;default&#8220; global_colors_info=&#8220;{}&#8220;][\/et_pb_image][et_pb_text _builder_version=&#8220;4.16&#8243; _module_preset=&#8220;default&#8220; text_orientation=&#8220;justified&#8220; global_colors_info=&#8220;{}&#8220;]<\/p>\n<p>Die sexuellen Anspielungen bleiben neutral, leidenschaftslos, selbstverst\u00e4ndlich und ohne das Bewusstsein der S\u00fcnde. Es sind Bilder.<\/p>\n<p>Hockney schuf seinerseits ein sexuelles Paradies als Ausdruck sinnlicher Lust, von dem er geglaubt hat, es in Kalifornien gefunden zu haben. Schmalix ist abgekl\u00e4rter als Hockney. Es gibt kein Arkadien, auch wenn die Landschaften in den herrlichsten Farben leuchten \u2013 blaue B\u00e4ume, lila Himmel, orange Fl\u00fcsse, etc.<\/p>\n<p>[\/et_pb_text][et_pb_image src=&#8220;https:\/\/hubertschmalix.com\/wp-content\/uploads\/2022\/02\/4.-_When-Love-Becomes-Complicated_-2019-oil_canvas-175x130cmPrivate-Collection.webp&#8220; alt=&#8220;Artwork by Hubert Schmalix &#8211; When Love Becomes Complicated (2019) &#8211; Oil on canvas &#8211; 175&#215;130&#8243; title_text=&#8220;When Love Becomes Complicated (2019)&#8220; show_in_lightbox=&#8220;on&#8220; align=&#8220;center&#8220; _builder_version=&#8220;4.16&#8243; _module_preset=&#8220;default&#8220; global_colors_info=&#8220;{}&#8220;][\/et_pb_image][et_pb_text _builder_version=&#8220;4.16&#8243; _module_preset=&#8220;default&#8220; text_orientation=&#8220;justified&#8220; global_colors_info=&#8220;{}&#8220;]<\/p>\n<p>Walt Disney hat Millionen Kindern ein Paradies geschenkt. Schmalix nimmt die Atmosph\u00e4re der Comics zwar auf, genauso wie er \u201eArt Deco\u201c und \u201eJugendstil\u201c in seinen Gem\u00e4lden wirken l\u00e4sst.<\/p>\n<p>[\/et_pb_text][et_pb_image src=&#8220;https:\/\/hubertschmalix.com\/wp-content\/uploads\/2022\/02\/5.-_Leben-und-Sterben-Kaiserstrasse-IV_-1983-oil_canvas-150&#215;140-Private-Collection.webp&#8220; alt=&#8220;Artwork by Hubert Schmalix &#8211; Leben und Sterben-Kaiserstrasse IV (1983) &#8211; Oil on canvas &#8211; 150&#215;140&#8243; title_text=&#8220;Leben und Sterben-Kaiserstrasse IV (1983)&#8220; show_in_lightbox=&#8220;on&#8220; _builder_version=&#8220;4.16&#8243; _module_preset=&#8220;default&#8220; global_colors_info=&#8220;{}&#8220;][\/et_pb_image][et_pb_text _builder_version=&#8220;4.16&#8243; _module_preset=&#8220;default&#8220; text_orientation=&#8220;justified&#8220; global_colors_info=&#8220;{}&#8220;]<\/p>\n<p>Die Stimmung im Bild kann aber auch kippen. Es liegt im visuellen Bewusstsein des Publikums. Wie man heute wei\u00df, kann ein Fluss auch durch Kontamination attraktive Farben bekommen. Es ist kein Arkadien, in dem man hier wandeln m\u00f6chte \u2013 nur eine Vorstellung, eine Bildvorstellung, Sehnsucht.<\/p>\n<p>Der mediterrane Europ\u00e4er Hubert Schmalix trifft in Kalifornien auf ein ideales Substrat \u2013 pulsierend im glei\u00dfenden Sonnenlicht am Pazifik gelegen. Dasselbe k\u00f6nnte man auch \u00fcber seine in Los Angeles entstandenen Bilder sagen.<\/p>\n<p>[\/et_pb_text][et_pb_image src=&#8220;https:\/\/hubertschmalix.com\/wp-content\/uploads\/2022\/02\/6.-_Cypress-Park-IV_-1991-oil_canvas-175x130cm-Private-Collection.webp&#8220; alt=&#8220;Artwork by Hubert Schmalix &#8211; Cypress Park IV (1991) &#8211; Oil on canvas &#8211; 175&#215;130&#8243; title_text=&#8220;Cypress Park IV (1991)&#8220; show_in_lightbox=&#8220;on&#8220; _builder_version=&#8220;4.16&#8243; _module_preset=&#8220;default&#8220; global_colors_info=&#8220;{}&#8220;][\/et_pb_image][et_pb_text _builder_version=&#8220;4.16&#8243; _module_preset=&#8220;default&#8220; text_orientation=&#8220;justified&#8220; global_colors_info=&#8220;{}&#8220;]<\/p>\n<p>Eine relaxte Leere begegnet uns in ihnen, genauso wie enigmatische Inhalte, die sich fast unscheinbar anschleichen. Zugeh\u00f6rigkeit und Isolation, F\u00fclle und Leere verschr\u00e4nken einander und blicken uns manchmal aus den Augen der Akte an. Die Fl\u00e4chigkeit erinnert an den Siebdruck. Dieser erscheint uns aufgrund seines Pop-Appeals glamour\u00f6s, genauso wie er durch seine einfache, klare Fl\u00e4chigkeit der Funktionalit\u00e4t bspw. der Schildermalerei nahe steht.<\/p>\n<p>Hubert Schmalix ist ein Maler, der im Bewusstsein agiert, dass es schon lange vor seiner Zeit Malerei gegeben hat. Das bedeutet f\u00fcr ihn aber keinesfalls, aufgrund konzeptueller \u00dcberlegungen aus der Malerei aussteigen zu m\u00fcssen, ganz im Gegenteil.<\/p>\n<p>[\/et_pb_text][\/et_pb_column][\/et_pb_row][\/et_pb_section][et_pb_section fb_built=&#8220;1&#8243; admin_label=&#8220;werksliste&#8220; module_id=&#8220;work&#8220; _builder_version=&#8220;4.16&#8243; _module_preset=&#8220;default&#8220; global_colors_info=&#8220;{}&#8220;][et_pb_row _builder_version=&#8220;4.16&#8243; _module_preset=&#8220;default&#8220; global_colors_info=&#8220;{}&#8220;][et_pb_column type=&#8220;4_4&#8243; _builder_version=&#8220;4.16&#8243; _module_preset=&#8220;default&#8220; global_colors_info=&#8220;{}&#8220;][et_pb_text _builder_version=&#8220;4.17.4&#8243; _module_preset=&#8220;default&#8220; global_colors_info=&#8220;{}&#8220;]<\/p>\n<h2>Works<\/h2>\n<p>[\/et_pb_text][dipl_masonry_gallery image_ids=&#8220;360,361,365,367,362,366,230,211,229,228,227,210,225,224,223,222,209,221,220,206,219,218,207,217,214,213,212,215,205,204,203,202,371&#8243; show_title=&#8220;on&#8220; enable_lightbox=&#8220;on&#8220; lightbox_title_and_caption_style=&#8220;below_image&#8220; enable_overlay=&#8220;on&#8220; disabled_on=&#8220;on|off|off&#8220; _builder_version=&#8220;4.27.4&#8243; _module_preset=&#8220;default&#8220; hover_enabled=&#8220;0&#8243; global_colors_info=&#8220;{}&#8220; show_caption=&#8220;on&#8220; sticky_enabled=&#8220;0&#8243;][\/dipl_masonry_gallery][dipl_masonry_gallery image_ids=&#8220;230,211,229,228,227,210,225,224,223,222,209,221,220,206,219,218,207,217,214,213,212,215,205,204,203,202&#8243; number_of_columns=&#8220;2&#8243; show_title=&#8220;on&#8220; enable_lightbox=&#8220;on&#8220; lightbox_title_and_caption_style=&#8220;below_image&#8220; disabled_on=&#8220;off|on|on&#8220; _builder_version=&#8220;4.17.4&#8243; _module_preset=&#8220;default&#8220; global_colors_info=&#8220;{}&#8220;][\/dipl_masonry_gallery][\/et_pb_column][\/et_pb_row][\/et_pb_section]<\/p>\n","protected":false},"excerpt":{"rendered":"<p>Hubert Schmalix In den konfrontativen 1980er-Jahren als junge K\u00fcnstler*innen die Malerei weltweit zu forcieren begannen, war Hubert Schmalix in vorderster Linie. Gleichzeitig poetisch, erz\u00e4hlerisch, eruptiv und subjektiv legten \u201eJunge Wilde\u201c die Malerei als \u201eNeue Malerei\u201c, \u201eTransavanguardia\u201c oder \u201eBad Painting\u201c an. Es hatte subversiven Charakter, sich in dem Moment dem wohl traditionellsten Medium der Kunst zu [&hellip;]<\/p>\n","protected":false},"author":1,"featured_media":0,"parent":0,"menu_order":0,"comment_status":"closed","ping_status":"closed","template":"","meta":{"_et_pb_use_builder":"on","_et_pb_old_content":"","_et_gb_content_width":"","footnotes":""},"class_list":["post-10","page","type-page","status-publish","hentry"],"_links":{"self":[{"href":"https:\/\/hubertschmalix.com\/en\/wp-json\/wp\/v2\/pages\/10","targetHints":{"allow":["GET"]}}],"collection":[{"href":"https:\/\/hubertschmalix.com\/en\/wp-json\/wp\/v2\/pages"}],"about":[{"href":"https:\/\/hubertschmalix.com\/en\/wp-json\/wp\/v2\/types\/page"}],"author":[{"embeddable":true,"href":"https:\/\/hubertschmalix.com\/en\/wp-json\/wp\/v2\/users\/1"}],"replies":[{"embeddable":true,"href":"https:\/\/hubertschmalix.com\/en\/wp-json\/wp\/v2\/comments?post=10"}],"version-history":[{"count":85,"href":"https:\/\/hubertschmalix.com\/en\/wp-json\/wp\/v2\/pages\/10\/revisions"}],"predecessor-version":[{"id":375,"href":"https:\/\/hubertschmalix.com\/en\/wp-json\/wp\/v2\/pages\/10\/revisions\/375"}],"wp:attachment":[{"href":"https:\/\/hubertschmalix.com\/en\/wp-json\/wp\/v2\/media?parent=10"}],"curies":[{"name":"wp","href":"https:\/\/api.w.org\/{rel}","templated":true}]}}